{"id":53,"date":"2019-03-04T06:36:15","date_gmt":"2019-03-04T05:36:15","guid":{"rendered":"https:\/\/www.ayasinay.com\/sk\/contact\/"},"modified":"2026-04-17T16:57:00","modified_gmt":"2026-04-17T14:57:00","slug":"contact","status":"publish","type":"page","link":"https:\/\/www.ayasinay.com\/sk\/contact\/","title":{"rendered":"Kontakt"},"content":{"rendered":"<!--themify_builder_content-->\n<div id=\"themify_builder_content-53\" data-postid=\"53\" class=\"themify_builder_content themify_builder_content-53 themify_builder tf_clear\">\n    \t\t\t\t<!-- module_row -->\n\t\t<div  data-lazy=\"1\" class=\"module_row themify_builder_row tb_cbjz125 tb_first tf_w tf_clearfix hide-mobile\">\n\t\t<div class=\"tb_row_frame_wrap tf_overflow tf_abs\" data-lazy=\"1\"><div class=\"tb_row_frame tb_row_frame_bottom  tf_abs tf_hide tf_overflow tf_w\"><\/div><\/div>\t\t\t<div class=\"row_inner col_align_top tb_col_count_2 tf_box tf_rel\">\n\t\t\t\t\t<div  data-lazy=\"1\" class=\"module_column tb-column col4-2 tb_ydyu128 first\">\n\t\t\t\t\t\t\t<\/div><!-- .module_column -->\n\t\t\t\t\t<div  data-lazy=\"1\" class=\"module_column tb-column col4-2 tb_2xsr136 last\">\n\t\t\t\t\t\t\t<\/div><!-- .module_column -->\n\t\t\t\t\t\t<\/div><!-- .row_inner -->\n\t\t<\/div><!-- .module_row -->\n\t\t\t\t\t\t\t\t<!-- module_row -->\n\t\t<div  data-lazy=\"1\" class=\"module_row themify_builder_row tb_6urt611 tf_w tf_clearfix hide-desktop hide-tablet hide-tablet_landscape\">\n\t\t\t\t\t<div class=\"row_inner col_align_top tb_col_count_2 tf_box tf_rel\">\n\t\t\t\t\t<div  data-lazy=\"1\" class=\"module_column tb-column col4-2 tb_w4vs611 first\">\n\t\t\t\t\t\t\t<\/div><!-- .module_column -->\n\t\t\t\t\t<div  data-lazy=\"1\" class=\"module_column tb-column col4-2 tb_1cjc611 last\">\n\t\t\t\t\t\t\t<\/div><!-- .module_column -->\n\t\t\t\t\t\t<\/div><!-- .row_inner -->\n\t\t<\/div><!-- .module_row -->\n\t\t\t\t\t\t\t\t<!-- module_row -->\n\t\t<div  data-lazy=\"1\" class=\"module_row themify_builder_row tb_86b5a18 tf_w tf_clearfix\">\n\t\t\t\t\t<div class=\"row_inner col_align_top tb_col_count_2 tf_box tf_rel\">\n\t\t\t\t\t<div  data-lazy=\"1\" class=\"module_column tb-column col3-2 tb_a6f96e0 first\">\n\t\t\t\t\t\t\t\t\t<div class=\"tb-column-inner tf_box tf_w\">\n\t\t\t\t<!-- module text -->\n<div  class=\"module module-text tb_cd9a898  repeat \" data-lazy=\"1\">\n        <div  class=\"tb_text_wrap\">\n    <h1>Kontaktn\u00fd formul\u00e1r<\/h1>    <\/div>\n<\/div>\n<!-- \/module text --><!-- module contact -->\n<div  id=\"tb_01f2353\" class=\"module module-contact tb_01f2353 contact-animated-label \" data-lazy=\"1\">\n    \n\t<form class=\"builder-contact\"\n\t\tid=\"tb_01f2353-form\"\n\t\tmethod=\"post\"\n\t\tdata-post-id=\"53\"\n\t\tdata-element-id=\"01f2353\"\n\t\tdata-orig-id=\"53\"\n\t>\n    <div class=\"contact-message\"><\/div>\n\t<div class=\"builder-contact-fields tf_rel\">\n\t\t    \t\t    <div class=\"builder-contact-field builder-contact-field-name builder-contact-text-field\">\n\t\t\t    <label class=\"control-label\" for=\"tb_01f2353-contact-name\">\n\t\t\t\t\t\t\t\t\t\t<span class=\"tb-label-span\">Va\u0161e meno <\/span><span class=\"required\">*<\/span>\t\t\t\t<\/label>\n\t\t\t    <div class=\"control-input tf_rel\">\n\t\t\t\t    \t\t\t\t\t    <input type=\"text\" name=\"contact-name\" placeholder=\" \" id=\"tb_01f2353-contact-name\" value=\"\" class=\"form-control\" required>\n\t\t\t\t    \t\t\t\t    \t\t\t\t\t    <span class=\"tb_contact_label\">\n\t\t\t\t\t\t    <span class=\"tb-label-span\">Va\u0161e meno <\/span><span class=\"required\">*<\/span>\t\t\t\t\t    <\/span>\n\t\t\t\t    \t\t\t    <\/div>\n\t\t<\/div>\n\t    \n\t\t    \t\t    <div class=\"builder-contact-field builder-contact-field-email builder-contact-text-field\">\n\t\t\t    <label class=\"control-label\" for=\"tb_01f2353-contact-email\">\n\t\t\t\t\t\t\t\t\t\t<span class=\"tb-label-span\">V\u00e1\u0161 Email <\/span><span class=\"required\">*<\/span>\t\t\t\t<\/label>\n\t\t\t    <div class=\"control-input tf_rel\">\n\t\t\t\t    \t\t\t\t\t    <input type=\"email\" name=\"contact-email\" placeholder=\" \" id=\"tb_01f2353-contact-email\" value=\"\" class=\"form-control\" required>\n\t\t\t\t    \t\t\t\t    \t\t\t\t\t    <span class=\"tb_contact_label\">\n\t\t\t\t\t\t    <span class=\"tb-label-span\">V\u00e1\u0161 Email <\/span><span class=\"required\">*<\/span>\t\t\t\t\t    <\/span>\n\t\t\t\t    \t\t\t    <\/div>\n\t\t<\/div>\n\t    \n\t\t    \t\t    \t\t    <div class=\"builder-contact-field builder-contact-field-extra builder-contact-text-field\">\n\t\t\t\t\n\t\t\t\t<label class=\"control-label\" for=\"field_extra_tb_01f2353_0\">\n\t\t\t\t\t\n\t\t\t\t\tTelefonick\u00fd\u00a0kontakt\t\t\t\t\t\t\t\t\t\t\t<input type=\"hidden\" name=\"field_extra_name_0\" value=\"Telefonick\u00fd\u00a0kontakt\">\n\t\t\t\t\t\t\t\t\t\t\t<span class=\"required\">*<\/span>\n\t\t\t\t\t\t\t\t\t<\/label>\n\t\t\t\t<div class=\"control-input tf_rel\">\n\t\t\t\t\t\t\t\t\t\t\t<input type=\"text\" name=\"field_extra_0\" id=\"field_extra_tb_01f2353_0\" placeholder=\" \" class=\"form-control\" required>\n\t\t\t\t\t\n\t\t\t\t\t\t\t\t\t\t\t<span class=\"tb_contact_label\">\n\t\t\t\t\t\t\tTelefonick\u00fd\u00a0kontakt\t\t\t\t\t\t\t\t<span class=\"required\">*<\/span>\n\t\t\t\t\t\t\t\t\t\t\t\t\t<\/span>\n\t\t\t\t\t\t\t\t\t<\/div>\n\t\t    <\/div>\n\t    \n\t\t    \t\t    <div class=\"builder-contact-field builder-contact-field-subject builder-contact-text-field\">\n\t\t\t    <label class=\"control-label\" for=\"tb_01f2353-contact-subject\">\n\t\t\t\t\t\t\t\t\t\t<span class=\"tb-label-span\">Predmet spr\u00e1vy <\/span><span class=\"required\">*<\/span>\t\t\t\t<\/label>\n\t\t\t    <div class=\"control-input tf_rel\">\n\t\t\t\t    \t\t\t\t\t    <input type=\"text\" name=\"contact-subject\" placeholder=\" \" id=\"tb_01f2353-contact-subject\" value=\"\" class=\"form-control\" required>\n\t\t\t\t    \t\t\t\t    \t\t\t\t\t    <span class=\"tb_contact_label\">\n\t\t\t\t\t\t    <span class=\"tb-label-span\">Predmet spr\u00e1vy <\/span><span class=\"required\">*<\/span>\t\t\t\t\t    <\/span>\n\t\t\t\t    \t\t\t    <\/div>\n\t\t<\/div>\n\t    \n\t\t    \t\t    <div class=\"builder-contact-field builder-contact-field-message builder-contact-textarea-field\">\n\t\t\t    <label class=\"control-label\" for=\"tb_01f2353-contact-message\">\n\t\t\t\t\t\t\t\t\t\t<span class=\"tb-label-span\">Spr\u00e1va <\/span>\t\t\t\t<\/label>\n\t\t\t    <div class=\"control-input tf_rel\">\n\t\t\t\t    \t\t\t\t\t    <textarea name=\"contact-message\" placeholder=\" \" id=\"tb_01f2353-contact-message\" class=\"form-control\"><\/textarea>\n\t\t\t\t    \t\t\t\t    \t\t\t\t\t    <span class=\"tb_contact_label\">\n\t\t\t\t\t\t    <span class=\"tb-label-span\">Spr\u00e1va <\/span>\t\t\t\t\t    <\/span>\n\t\t\t\t    \t\t\t    <\/div>\n\t\t<\/div>\n\t    \n\t\t    \n\t\t\n\t\t\t\t\t<div class=\"builder-contact-field builder-contact-field-gdpr\">\n\t\t\t\t<div class=\"control-label\">\n\t\t\t\t\t<div class=\"control-input tf_rel\">\n\t\t\t\t\t\t<label class=\"field-gdpr\">\n\t\t\t\t\t\t\t<input type=\"checkbox\" name=\"gdpr\" value=\"1\" required>\n\t\t\t\t\t\t\t<span>S\u00fahlas\u00edm so zhroma\u017e\u010fovan\u00edm a uchov\u00e1van\u00edm mojich odoslan\u00fdch \u00fadajov<\/span>\n\t\t\t\t\t\t\t<span class=\"required\">*<\/span>\n\t\t\t\t\t\t<\/label>\n\t\t\t\t\t<\/div>\n\t\t\t\t<\/div>\n\t\t\t<\/div>\n\t\t\n\t    \t    <div class=\"builder-contact-field builder-contact-field-send control-input tf_textl tf_clear tf_rel\">\n\t\t\t<button type=\"submit\" class=\"btn btn-primary\">\n\t\t\t\t<span class=\"tf_loader\"><\/span>\t\t\t\t<span class=\"tf_submit_icon\"><\/span> \n\t\t\t\tPOSLA\u0164\t\t\t<\/button>\n\t    <\/div>\n\t<\/div>\n    <\/form>\n\n    <\/div>\n<!-- \/module contact -->\n\t\t\t\t<\/div><!-- .tb-column-inner -->\n\t\t\t\t\t\t<\/div><!-- .module_column -->\n\t\t\t\t\t<div  data-lazy=\"1\" class=\"module_column tb-column col3-1 tb_d964b35 last\">\n\t\t\t\t\t\t\t\t\t<div class=\"tb-column-inner tf_box tf_w\">\n\t\t\t\t<!-- module text -->\n<div  class=\"module module-text tb_q1sl865   \" data-lazy=\"1\">\n        <div  class=\"tb_text_wrap\">\n    <h2>Kontaktn\u00e9 \u00fadaje<\/h2>    <\/div>\n<\/div>\n<!-- \/module text --><!-- module icon -->\n<div  class=\"module module-icon tb_7b7d573  normal circle icon_horizontal \" data-lazy=\"1\">\n\t\t\t<div class=\"module-icon-item\">\n\t\t\t\t\t\t\t<a href=\"https:\/\/www.instagram.com\/ayasinay\/\" rel=\"noopener\" target=\"_blank\">\n\t\t\t\t\t\t\t\t\t\t\t\t\t\t\t\t\t<em class=\"tf_box\"><svg  class=\"tf_fa tf-fab-instagram\" aria-hidden=\"true\"><use href=\"#tf-fab-instagram\"><\/use><\/svg><\/em>\n\t\t\t\t\t\t\t\t\t\t\t\t\t\t\t\t\t\t\t<span>Instagram<\/span>\n\t\t\t\t\t\t\t\t\t\t\t\t\t\t\t\t\t<\/a>\n\t\t\t\t\t<\/div>\n\t<\/div>\n<!-- \/module icon -->\n<!-- module icon -->\n<div  class=\"module module-icon tb_08ffb02  normal circle icon_horizontal \" data-lazy=\"1\">\n\t\t\t<div class=\"module-icon-item\">\n\t\t\t\t\t\t\t<a href=\"https:\/\/www.facebook.com\/alenastevens82\" rel=\"noopener\" target=\"_blank\">\n\t\t\t\t\t\t\t\t\t\t\t\t\t\t\t\t\t<em class=\"tf_box\"><svg  class=\"tf_fa tf-fab-facebook\" aria-hidden=\"true\"><use href=\"#tf-fab-facebook\"><\/use><\/svg><\/em>\n\t\t\t\t\t\t\t\t\t\t\t\t\t\t\t\t\t\t\t<span>Facebook<\/span>\n\t\t\t\t\t\t\t\t\t\t\t\t\t\t\t\t\t<\/a>\n\t\t\t\t\t<\/div>\n\t<\/div>\n<!-- \/module icon -->\n<!-- module icon -->\n<div  class=\"module module-icon tb_daxw573  normal circle icon_horizontal \" data-lazy=\"1\">\n\t\t\t<div class=\"module-icon-item\">\n\t\t\t\t\t\t\t<a href=\"tel: +421944213736\" rel=\"noopener\" target=\"_blank\">\n\t\t\t\t\t\t\t\t\t\t\t\t\t\t\t\t\t<em class=\"tf_box\"><svg  class=\"tf_fa tf-fas-phone-square-alt\" aria-hidden=\"true\"><use href=\"#tf-fas-phone-square-alt\"><\/use><\/svg><\/em>\n\t\t\t\t\t\t\t\t\t\t\t\t\t\t\t\t\t\t\t<span> +421 944 213 736<\/span>\n\t\t\t\t\t\t\t\t\t\t\t\t\t\t\t\t\t<\/a>\n\t\t\t\t\t<\/div>\n\t<\/div>\n<!-- \/module icon -->\n<!-- module icon -->\n<div  class=\"module module-icon tb_iysl574  normal circle icon_horizontal \" data-lazy=\"1\">\n\t\t\t<div class=\"module-icon-item\">\n\t\t\t\t\t\t\t<a href=\"mailto:info@ayasinay.com\" rel=\"noopener\" target=\"_blank\">\n\t\t\t\t\t\t\t\t\t\t\t\t\t\t\t\t\t<em class=\"tf_box\"><svg  class=\"tf_fa tf-fas-at\" aria-hidden=\"true\"><use href=\"#tf-fas-at\"><\/use><\/svg><\/em>\n\t\t\t\t\t\t\t\t\t\t\t\t\t\t\t\t\t\t\t<span>info@ayasinay.com<\/span>\n\t\t\t\t\t\t\t\t\t\t\t\t\t\t\t\t\t<\/a>\n\t\t\t\t\t<\/div>\n\t<\/div>\n<!-- \/module icon -->\n\t\t\t\t<\/div><!-- .tb-column-inner -->\n\t\t\t\t\t\t<\/div><!-- .module_column -->\n\t\t\t\t\t\t<\/div><!-- .row_inner -->\n\t\t<\/div><!-- .module_row -->\n\t\t\t\t<\/div>\n<!--\/themify_builder_content-->","protected":false},"excerpt":{"rendered":"<p>Kontaktn\u00fd formul\u00e1r Va\u0161e meno * Va\u0161e meno * V\u00e1\u0161 Email * V\u00e1\u0161 Email * Telefonick\u00fd\u00a0kontakt * Telefonick\u00fd\u00a0kontakt * Predmet spr\u00e1vy * Predmet spr\u00e1vy * Spr\u00e1va Spr\u00e1va S\u00fahlas\u00edm so zhroma\u017e\u010fovan\u00edm a uchov\u00e1van\u00edm mojich odoslan\u00fdch \u00fadajov * POSLA\u0164 Kontaktn\u00e9 \u00fadaje Instagram Facebook +421 944 213 736 info@ayasinay.com<\/p>\n","protected":false},"author":1,"featured_media":0,"parent":0,"menu_order":0,"comment_status":"closed","ping_status":"closed","template":"","meta":{"footnotes":""},"class_list":["post-53","page","type-page","status-publish","hentry","has-post-title","has-post-date","has-post-category","has-post-tag","has-post-comment","has-post-author",""],"builder_content":"<h1>Kontaktn\u00fd formul\u00e1r<\/h1>\n<form id=\"tb_01f2353-form\" method=\"post\" data-post-id=\"0\" data-element-id=\"01f2353\" data-orig-id=\"53\" > <label for=\"tb_01f2353-contact-name\"> Va\u0161e meno * <\/label> <input type=\"text\" name=\"contact-name\" placeholder=\" \" id=\"tb_01f2353-contact-name\" value=\"\" required> Va\u0161e meno * <label for=\"tb_01f2353-contact-email\"> V\u00e1\u0161 Email * <\/label> <input type=\"email\" name=\"contact-email\" placeholder=\" \" id=\"tb_01f2353-contact-email\" value=\"\" required> V\u00e1\u0161 Email * <label for=\"field_extra_tb_01f2353_0\"> Telefonick\u00fd\u00a0kontakt <input type=\"hidden\" name=\"field_extra_name_0\" value=\"Telefonick\u00fd\u00a0kontakt\"> * <\/label> <input type=\"text\" name=\"field_extra_0\" id=\"field_extra_tb_01f2353_0\" placeholder=\" \" required> Telefonick\u00fd\u00a0kontakt * <label for=\"tb_01f2353-contact-subject\"> Predmet spr\u00e1vy * <\/label> <input type=\"text\" name=\"contact-subject\" placeholder=\" \" id=\"tb_01f2353-contact-subject\" value=\"\" required> Predmet spr\u00e1vy * <label for=\"tb_01f2353-contact-message\"> Spr\u00e1va <\/label> <textarea name=\"contact-message\" placeholder=\" \" id=\"tb_01f2353-contact-message\"><\/textarea> Spr\u00e1va <label> <input type=\"checkbox\" name=\"gdpr\" value=\"1\" required> S\u00fahlas\u00edm so zhroma\u017e\u010fovan\u00edm a uchov\u00e1van\u00edm mojich odoslan\u00fdch \u00fadajov * <\/label> <button type=\"submit\"> POSLA\u0164 <\/button> <\/form>\n<h2>Kontaktn\u00e9 \u00fadaje<\/h2>\n<a href=\"https:\/\/www.instagram.com\/ayasinay\/\" rel=\"noopener\" target=\"_blank\"> <em><svg aria-hidden=\"true\"><use href=\"#tf-fab-instagram\"><\/use><\/svg><\/em> Instagram <\/a>\n<a href=\"https:\/\/www.facebook.com\/alenastevens82\" rel=\"noopener\" target=\"_blank\"> <em><svg aria-hidden=\"true\"><use href=\"#tf-fab-facebook\"><\/use><\/svg><\/em> Facebook <\/a>\n<a href=\"tel: +421944213736\" rel=\"noopener\" target=\"_blank\"> <em><svg aria-hidden=\"true\"><use href=\"#tf-fas-phone-square-alt\"><\/use><\/svg><\/em> +421 944 213 736 <\/a>\n<a href=\"mailto:info@ayasinay.com\" rel=\"noopener\" target=\"_blank\"> <em><svg aria-hidden=\"true\"><use href=\"#tf-fas-at\"><\/use><\/svg><\/em> info@ayasinay.com <\/a>","_links":{"self":[{"href":"https:\/\/www.ayasinay.com\/sk\/wp-json\/wp\/v2\/pages\/53","targetHints":{"allow":["GET"]}}],"collection":[{"href":"https:\/\/www.ayasinay.com\/sk\/wp-json\/wp\/v2\/pages"}],"about":[{"href":"https:\/\/www.ayasinay.com\/sk\/wp-json\/wp\/v2\/types\/page"}],"author":[{"embeddable":true,"href":"https:\/\/www.ayasinay.com\/sk\/wp-json\/wp\/v2\/users\/1"}],"replies":[{"embeddable":true,"href":"https:\/\/www.ayasinay.com\/sk\/wp-json\/wp\/v2\/comments?post=53"}],"version-history":[{"count":41,"href":"https:\/\/www.ayasinay.com\/sk\/wp-json\/wp\/v2\/pages\/53\/revisions"}],"predecessor-version":[{"id":1114,"href":"https:\/\/www.ayasinay.com\/sk\/wp-json\/wp\/v2\/pages\/53\/revisions\/1114"}],"wp:attachment":[{"href":"https:\/\/www.ayasinay.com\/sk\/wp-json\/wp\/v2\/media?parent=53"}],"curies":[{"name":"wp","href":"https:\/\/api.w.org\/{rel}","templated":true}]}}