{"id":700,"date":"2023-10-16T23:13:17","date_gmt":"2023-10-16T21:13:17","guid":{"rendered":"https:\/\/www.ayasinay.com\/sk\/stefan-bachraty-copy\/"},"modified":"2024-02-04T14:51:38","modified_gmt":"2024-02-04T13:51:38","slug":"aya-sinay","status":"publish","type":"page","link":"https:\/\/www.ayasinay.com\/sk\/aya-sinay\/","title":{"rendered":"Aya Sinay"},"content":{"rendered":"<!--themify_builder_content-->\n<div id=\"themify_builder_content-700\" data-postid=\"700\" class=\"themify_builder_content themify_builder_content-700 themify_builder tf_clear\">\n    \t\t\t\t<!-- module_row -->\n\t\t<div  data-zoom-bg=\"desktop\" data-lazy=\"1\" class=\"module_row themify_builder_row tb_2id9952 tb_first tf_w tf_clearfix\">\n\t\t\t\t\t<div class=\"row_inner col_align_top tb_col_count_1 tf_box tf_rel\">\n\t\t\t\t\t<div  data-lazy=\"1\" class=\"module_column tb-column col-full tb_8n7e952 first\">\n\t\t\t\t\t\t\t\t\t<div class=\"tb-column-inner tf_box tf_w\">\n\t\t\t\t<!-- module text -->\n<div  class=\"module module-text tb_fp9d952   \" data-lazy=\"1\">\n        <div  class=\"tb_text_wrap\">\n    <h1>Aya Sinay<\/h1>    <\/div>\n<\/div>\n<!-- \/module text -->\t\t<div  data-lazy=\"1\" class=\"module_subrow themify_builder_sub_row tb_yk0262 tf_w tf_clearfix\">\n\t\t\t\t\t<div class=\"subrow_inner col_align_top tb_col_count_2 tf_box tf_w\">\n\t\t\t\t\t<div  data-lazy=\"1\" class=\"module_column sub_column col4-2 tb_zou662 first\">\n\t\t\t\t\t\t\t\t\t<div class=\"tb-column-inner tf_box tf_w\">\n\t\t\t\t<!-- module text -->\n<div  class=\"module module-text tb_1po4952   \" data-lazy=\"1\">\n        <div  class=\"tb_text_wrap\">\n    <p>V ob\u010dianskom m\u00e1m s\u00edce nap\u00edsan\u00e9 Alena, ale priatelia a zn\u00e1mi ma volaj\u00fa Aya.<\/p>\n<p>12 rokov som \u017eila v zahrani\u010d\u00ed. Teraz p\u00f4sob\u00edm v Poprade. M\u00e1m skvel\u00fa rodinu a som mamou \u00fa\u017easn\u00fdch dvoji\u010diek, dc\u00e9ry a syna. Svoj \u017eivot som zasv\u00e4tila mojej najv\u00e4\u010d\u0161ej v\u00e1\u0161ni, \u0161portu.<br>S triatlonom som za\u010d\u00ednala ako amat\u00e9rka, popri hektickej pr\u00e1ci letu\u0161ky.<\/p>\n<p>Stala som sa dvojn\u00e1sobnou Slovenskou rekord\u00e9rkou Ironmanu s najr\u00fdchlej\u0161\u00edm slovensk\u00fdm \u017eensk\u00fdm \u010dasom 9 hod 06 min, aj majsterkou sveta v dlhom triatlone.<\/p>\n<p><strong>Od roku 2013 akt\u00edvne p\u00f4sob\u00edm ako tr\u00e9nerka triatlonu, pl\u00e1vania, cyklistiky a \u00a0behu.<\/strong><\/p>\n<p>V\u010faka bohat\u00fdm sk\u00fasenostiam odovzd\u00e1vam svoje know-how \u010fal\u0161\u00edm \u0161portovcom. Vychov\u00e1vam tie\u017e svojich nasledovn\u00edkov, asistentov a bud\u00facich \u00faspe\u0161n\u00fdch tr\u00e9nerov.<\/p>\n<p>V spolupr\u00e1ci uprednost\u0148ujem osobitn\u00e9, subjekt\u00edvne vn\u00edmanie ka\u017ed\u00e9ho m\u00f4jho zverenca. Re\u0161pektujem fyziologick\u00fa odli\u0161nos\u0165 ka\u017ed\u00e9ho jednotlivca a na z\u00e1klade toho nastavujem najefekt\u00edvnej\u0161iu tr\u00e9ningov\u00fa strat\u00e9giu.<\/p>    <\/div>\n<\/div>\n<!-- \/module text --><!-- module buttons -->\n<div  class=\"module module-buttons tb_vw7w832 buttons-horizontal solid  rounded\" data-lazy=\"1\">\n\t\t<div class=\"module-buttons-item tf_inline_b\">\n\t\t\t\t\t\t<a href=\"https:\/\/www.ayasinay.com\/sk\/kto-som\/\" class=\"ui builder_button purple\" >\n\t\t\t\t\t\t\t\t<span class=\"tf_inline_b tf_vmiddle\">VIAC O MNE<\/span>\n\t\t\t\t\t\t\t\t\t\t\t\t<\/a>\n\t\t\t\t\t\t<\/div>\n\t\t\t<\/div>\n<!-- \/module buttons -->\n\t\t\t\t<\/div><!-- .tb-column-inner -->\n\t\t\t\t\t\t<\/div><!-- .module_column -->\n\t\t\t\t\t<div  data-lazy=\"1\" class=\"module_column sub_column col4-2 tb_6ojy62 last\">\n\t\t\t\t\t\t\t\t\t<div class=\"tb-column-inner tf_box tf_w\">\n\t\t\t\t<!-- module image -->\n<div  class=\"module module-image tb_9yfn953   image-top tf_mw\" data-lazy=\"1\">\n        <div class=\"image-wrap tf_rel tf_mw\">\n\t\t    <img loading=\"lazy\" decoding=\"async\" width=\"589\" height=\"464\" src=\"https:\/\/www.ayasinay.com\/sk\/wp-content\/uploads\/2023\/10\/aya01.jpg\" class=\"wp-post-image wp-image-782\" title=\"Aya Sinay\" alt=\"Aya Sinay\" srcset=\"https:\/\/www.ayasinay.com\/sk\/wp-content\/uploads\/2023\/10\/aya01.jpg 589w, https:\/\/www.ayasinay.com\/sk\/wp-content\/uploads\/2023\/10\/aya01-300x236.jpg 300w\" sizes=\"auto, (max-width: 589px) 100vw, 589px\" \/>\t\n\t\t<\/div>\n\t<!-- \/image-wrap -->\n    \n    \t<\/div>\n<!-- \/module image --><!-- module text -->\n<div  class=\"module module-text tb_4x0t993   \" data-lazy=\"1\">\n        <div  class=\"tb_text_wrap\">\n    <h3>Pracuje v jazykoch<\/h3>    <\/div>\n<\/div>\n<!-- \/module text --><!-- module text -->\n<div  class=\"module module-text tb_9fbv531   \" data-lazy=\"1\">\n        <div  class=\"tb_text_wrap\">\n    <p>slovensky, anglicky<\/p>    <\/div>\n<\/div>\n<!-- \/module text -->\t\t\t\t<\/div><!-- .tb-column-inner -->\n\t\t\t\t\t\t<\/div><!-- .module_column -->\n\t\t\t\t\t\t<\/div><!-- .subrow_inner -->\n\t\t<\/div><!-- .themify_builder_sub_row -->\n\t\t\t\t\t\t\t\t<\/div><!-- .tb-column-inner -->\n\t\t\t\t\t\t<\/div><!-- .module_column -->\n\t\t\t\t\t\t<\/div><!-- .row_inner -->\n\t\t<\/div><!-- .module_row -->\n\t\t\t\t\t\t\t\t<!-- module_row -->\n\t\t<div  data-lazy=\"1\" class=\"module_row themify_builder_row tb_iknv661 tf_w tf_clearfix\">\n\t\t\t\t\t<div class=\"row_inner col_align_top tb_col_count_1 tf_box tf_rel\">\n\t\t\t\t\t<div  data-lazy=\"1\" class=\"module_column tb-column col-full tb_6eig661 first\">\n\t\t\t\t\t\t\t\t\t<div class=\"tb-column-inner tf_box tf_w\">\n\t\t\t\t\t\t<div  data-lazy=\"1\" class=\"module_subrow themify_builder_sub_row tb_i154661 tf_w tf_clearfix\">\n\t\t\t\t\t<div class=\"subrow_inner col_align_top tb_col_count_1 tf_box tf_w\">\n\t\t\t\t\t<div  data-lazy=\"1\" class=\"module_column sub_column col-full tb_e49o662 first\">\n\t\t\t\t\t\t\t\t\t<div class=\"tb-column-inner tf_box tf_w\">\n\t\t\t\t<!-- module text -->\n<div  class=\"module module-text tb_0noz662   \" data-lazy=\"1\">\n        <div  class=\"tb_text_wrap\">\n    <h1>M\u00e1m z\u00e1ujem<\/h1>    <\/div>\n<\/div>\n<!-- \/module text -->\t\t\t\t<\/div><!-- .tb-column-inner -->\n\t\t\t\t\t\t<\/div><!-- .module_column -->\n\t\t\t\t\t\t<\/div><!-- .subrow_inner -->\n\t\t<\/div><!-- .themify_builder_sub_row -->\n\t\t\t\t\t\t\t\t<\/div><!-- .tb-column-inner -->\n\t\t\t\t\t\t<\/div><!-- .module_column -->\n\t\t\t\t\t\t<\/div><!-- .row_inner -->\n\t\t<\/div><!-- .module_row -->\n\t\t\t\t\t\t\t\t<!-- module_row -->\n\t\t<div  data-lazy=\"1\" class=\"module_row themify_builder_row tb_dy16178 tf_w tf_clearfix\">\n\t\t\t\t\t<div class=\"row_inner col_align_top tb_col_count_1 tf_box tf_rel\">\n\t\t\t\t\t<div  data-lazy=\"1\" class=\"module_column tb-column col-full tb_7bvy179 first\">\n\t\t\t\t\t\t\t\t\t<div class=\"tb-column-inner tf_box tf_w\">\n\t\t\t\t<!-- module contact -->\n<div  id=\"tb_95k2179\" class=\"module module-contact tb_95k2179 contact-style3 \" data-lazy=\"1\">\n    \n\t<form class=\"builder-contact\"\n\t\tid=\"tb_95k2179-form\"\n\t\tmethod=\"post\"\n\t\tdata-post-id=\"700\"\n\t\tdata-element-id=\"95k2179\"\n\t\tdata-orig-id=\"700\"\n\t>\n    <div class=\"contact-message\"><\/div>\n\t<div class=\"builder-contact-fields tf_rel\">\n\t\t    \t\t    <div class=\"builder-contact-field builder-contact-field-name builder-contact-text-field\">\n\t\t\t    <label class=\"control-label\" for=\"tb_95k2179-contact-name\">\n\t\t\t\t\t\t\t\t\t\t<span class=\"tb-label-span\">Va\u0161e meno <\/span>\t\t\t\t<\/label>\n\t\t\t    <div class=\"control-input tf_rel\">\n\t\t\t\t    \t\t\t\t\t    <input type=\"text\" name=\"contact-name\" placeholder=\"\" id=\"tb_95k2179-contact-name\" value=\"\" class=\"form-control\" >\n\t\t\t\t    \t\t\t\t    \t\t\t    <\/div>\n\t\t<\/div>\n\t    \n\t\t    \t\t    <div class=\"builder-contact-field builder-contact-field-email builder-contact-text-field\">\n\t\t\t    <label class=\"control-label\" for=\"tb_95k2179-contact-email\">\n\t\t\t\t\t\t\t\t\t\t<span class=\"tb-label-span\">V\u00e1\u0161 Email <\/span>\t\t\t\t<\/label>\n\t\t\t    <div class=\"control-input tf_rel\">\n\t\t\t\t    \t\t\t\t\t    <input type=\"email\" name=\"contact-email\" placeholder=\"\" id=\"tb_95k2179-contact-email\" value=\"\" class=\"form-control\" >\n\t\t\t\t    \t\t\t\t    \t\t\t    <\/div>\n\t\t<\/div>\n\t    \n\t\t    \t\t    \t\t    <div class=\"builder-contact-field builder-contact-field-extra builder-contact-text-field\">\n\t\t\t\t\n\t\t\t\t<label class=\"control-label\" for=\"field_extra_tb_95k2179_0\">\n\t\t\t\t\t\n\t\t\t\t\tTelefonick\u00fd kontakt\t\t\t\t\t\t\t\t\t\t\t<input type=\"hidden\" name=\"field_extra_name_0\" value=\"Telefonick\u00fd kontakt\">\n\t\t\t\t\t\t\t\t\t<\/label>\n\t\t\t\t<div class=\"control-input tf_rel\">\n\t\t\t\t\t\t\t\t\t\t\t<input type=\"text\" name=\"field_extra_0\" id=\"field_extra_tb_95k2179_0\" placeholder=\"\" class=\"form-control\">\n\t\t\t\t\t\n\t\t\t\t\t\t\t\t\t<\/div>\n\t\t    <\/div>\n\t    \n\t\t    \t\t    <div class=\"builder-contact-field builder-contact-field-subject builder-contact-text-field\">\n\t\t\t    <label class=\"control-label\" for=\"tb_95k2179-contact-subject\">\n\t\t\t\t\t\t\t\t\t\t<span class=\"tb-label-span\">Predmet spr\u00e1vy <\/span><span class=\"required\">*<\/span>\t\t\t\t<\/label>\n\t\t\t    <div class=\"control-input tf_rel\">\n\t\t\t\t    \t\t\t\t\t    <input type=\"text\" name=\"contact-subject\" placeholder=\"\" id=\"tb_95k2179-contact-subject\" value=\"\" class=\"form-control\" required>\n\t\t\t\t    \t\t\t\t    \t\t\t    <\/div>\n\t\t<\/div>\n\t    \n\t\t    \t\t    <div class=\"builder-contact-field builder-contact-field-message builder-contact-textarea-field\">\n\t\t\t    <label class=\"control-label\" for=\"tb_95k2179-contact-message\">\n\t\t\t\t\t\t\t\t\t\t<span class=\"tb-label-span\">Spr\u00e1va <\/span>\t\t\t\t<\/label>\n\t\t\t    <div class=\"control-input tf_rel\">\n\t\t\t\t    \t\t\t\t\t    <textarea name=\"contact-message\" placeholder=\"\" id=\"tb_95k2179-contact-message\" class=\"form-control\"><\/textarea>\n\t\t\t\t    \t\t\t\t    \t\t\t    <\/div>\n\t\t<\/div>\n\t    \n\t\t    \n\t\t\n\t\t\t\t\t<div class=\"builder-contact-field builder-contact-field-gdpr\">\n\t\t\t\t<div class=\"control-label\">\n\t\t\t\t\t<div class=\"control-input tf_rel\">\n\t\t\t\t\t\t<label class=\"field-gdpr\">\n\t\t\t\t\t\t\t<input type=\"checkbox\" name=\"gdpr\" value=\"1\" required>\n\t\t\t\t\t\t\t<span>S\u00fahlas\u00edm so zhroma\u017e\u010fovan\u00edm a uchov\u00e1van\u00edm mojich odoslan\u00fdch \u00fadajov<\/span>\n\t\t\t\t\t\t\t<span class=\"required\">*<\/span>\n\t\t\t\t\t\t<\/label>\n\t\t\t\t\t<\/div>\n\t\t\t\t<\/div>\n\t\t\t<\/div>\n\t\t\n\t    \t    <div class=\"builder-contact-field builder-contact-field-send control-input tf_textl tf_clear tf_rel\">\n\t\t\t<button type=\"submit\" class=\"btn btn-primary\">\n\t\t\t\t<span class=\"tf_loader\"><\/span>\t\t\t\t<span class=\"tf_submit_icon\"><\/span> \n\t\t\t\tODOSLA\u0164\t\t\t<\/button>\n\t    <\/div>\n\t<\/div>\n    <\/form>\n\n    <\/div>\n<!-- \/module contact -->\n\t\t\t\t<\/div><!-- .tb-column-inner -->\n\t\t\t\t\t\t<\/div><!-- .module_column -->\n\t\t\t\t\t\t<\/div><!-- .row_inner -->\n\t\t<\/div><!-- .module_row -->\n\t\t\t\t<\/div>\n<!--\/themify_builder_content-->","protected":false},"excerpt":{"rendered":"<p>Aya Sinay V ob\u010dianskom m\u00e1m s\u00edce nap\u00edsan\u00e9 Alena, ale priatelia a zn\u00e1mi ma volaj\u00fa Aya. 12 rokov som \u017eila v zahrani\u010d\u00ed. Teraz p\u00f4sob\u00edm v Poprade. M\u00e1m skvel\u00fa rodinu a som mamou \u00fa\u017easn\u00fdch dvoji\u010diek, dc\u00e9ry a syna. Svoj \u017eivot som zasv\u00e4tila mojej najv\u00e4\u010d\u0161ej v\u00e1\u0161ni, \u0161portu.S triatlonom som za\u010d\u00ednala ako amat\u00e9rka, popri hektickej pr\u00e1ci letu\u0161ky. Stala som [&hellip;]<\/p>\n","protected":false},"author":3,"featured_media":0,"parent":0,"menu_order":0,"comment_status":"closed","ping_status":"closed","template":"","meta":{"footnotes":""},"class_list":["post-700","page","type-page","status-publish","hentry","has-post-title","has-post-date","has-post-category","has-post-tag","has-post-comment","has-post-author",""],"builder_content":"<h1>Aya Sinay<\/h1>\n<p>V ob\u010dianskom m\u00e1m s\u00edce nap\u00edsan\u00e9 Alena, ale priatelia a zn\u00e1mi ma volaj\u00fa Aya.<\/p> <p>12 rokov som \u017eila v zahrani\u010d\u00ed. Teraz p\u00f4sob\u00edm v Poprade. M\u00e1m skvel\u00fa rodinu a som mamou \u00fa\u017easn\u00fdch dvoji\u010diek, dc\u00e9ry a syna. Svoj \u017eivot som zasv\u00e4tila mojej najv\u00e4\u010d\u0161ej v\u00e1\u0161ni, \u0161portu.<br>S triatlonom som za\u010d\u00ednala ako amat\u00e9rka, popri hektickej pr\u00e1ci letu\u0161ky.<\/p> <p>Stala som sa dvojn\u00e1sobnou Slovenskou rekord\u00e9rkou Ironmanu s najr\u00fdchlej\u0161\u00edm slovensk\u00fdm \u017eensk\u00fdm \u010dasom 9 hod 06 min, aj majsterkou sveta v dlhom triatlone.<\/p> <p><strong>Od roku 2013 akt\u00edvne p\u00f4sob\u00edm ako tr\u00e9nerka triatlonu, pl\u00e1vania, cyklistiky a \u00a0behu.<\/strong><\/p> <p>V\u010faka bohat\u00fdm sk\u00fasenostiam odovzd\u00e1vam svoje know-how \u010fal\u0161\u00edm \u0161portovcom. Vychov\u00e1vam tie\u017e svojich nasledovn\u00edkov, asistentov a bud\u00facich \u00faspe\u0161n\u00fdch tr\u00e9nerov.<\/p> <p>V spolupr\u00e1ci uprednost\u0148ujem osobitn\u00e9, subjekt\u00edvne vn\u00edmanie ka\u017ed\u00e9ho m\u00f4jho zverenca. Re\u0161pektujem fyziologick\u00fa odli\u0161nos\u0165 ka\u017ed\u00e9ho jednotlivca a na z\u00e1klade toho nastavujem najefekt\u00edvnej\u0161iu tr\u00e9ningov\u00fa strat\u00e9giu.<\/p>\n<a href=\"https:\/\/www.ayasinay.com\/sk\/kto-som\/\" > VIAC O MNE <\/a>\n<img src=\"https:\/\/www.ayasinay.com\/sk\/wp-content\/uploads\/2023\/10\/aya01.jpg\" title=\"Aya Sinay\" alt=\"Aya Sinay\" srcset=\"https:\/\/www.ayasinay.com\/sk\/wp-content\/uploads\/2023\/10\/aya01.jpg 589w, https:\/\/www.ayasinay.com\/sk\/wp-content\/uploads\/2023\/10\/aya01-300x236.jpg 300w\" sizes=\"(max-width: 589px) 100vw, 589px\" \/>\n<h3>Pracuje v jazykoch<\/h3>\n<p>slovensky, anglicky<\/p>\n<h1>M\u00e1m z\u00e1ujem<\/h1>\n<form id=\"tb_95k2179-form\" method=\"post\" data-post-id=\"0\" data-element-id=\"95k2179\" data-orig-id=\"700\" > <label for=\"tb_95k2179-contact-name\"> Va\u0161e meno <\/label> <input type=\"text\" name=\"contact-name\" placeholder=\"\" id=\"tb_95k2179-contact-name\" value=\"\" > <label for=\"tb_95k2179-contact-email\"> V\u00e1\u0161 Email <\/label> <input type=\"email\" name=\"contact-email\" placeholder=\"\" id=\"tb_95k2179-contact-email\" value=\"\" > <label for=\"field_extra_tb_95k2179_0\"> Telefonick\u00fd kontakt <input type=\"hidden\" name=\"field_extra_name_0\" value=\"Telefonick\u00fd kontakt\"> <\/label> <input type=\"text\" name=\"field_extra_0\" id=\"field_extra_tb_95k2179_0\" placeholder=\"\"> <label for=\"tb_95k2179-contact-subject\"> Predmet spr\u00e1vy * <\/label> <input type=\"text\" name=\"contact-subject\" placeholder=\"\" id=\"tb_95k2179-contact-subject\" value=\"\" required> <label for=\"tb_95k2179-contact-message\"> Spr\u00e1va <\/label> <textarea name=\"contact-message\" placeholder=\"\" id=\"tb_95k2179-contact-message\"><\/textarea> <label> <input type=\"checkbox\" name=\"gdpr\" value=\"1\" required> S\u00fahlas\u00edm so zhroma\u017e\u010fovan\u00edm a uchov\u00e1van\u00edm mojich odoslan\u00fdch \u00fadajov * <\/label> <button type=\"submit\"> ODOSLA\u0164 <\/button> <\/form>","_links":{"self":[{"href":"https:\/\/www.ayasinay.com\/sk\/wp-json\/wp\/v2\/pages\/700","targetHints":{"allow":["GET"]}}],"collection":[{"href":"https:\/\/www.ayasinay.com\/sk\/wp-json\/wp\/v2\/pages"}],"about":[{"href":"https:\/\/www.ayasinay.com\/sk\/wp-json\/wp\/v2\/types\/page"}],"author":[{"embeddable":true,"href":"https:\/\/www.ayasinay.com\/sk\/wp-json\/wp\/v2\/users\/3"}],"replies":[{"embeddable":true,"href":"https:\/\/www.ayasinay.com\/sk\/wp-json\/wp\/v2\/comments?post=700"}],"version-history":[{"count":22,"href":"https:\/\/www.ayasinay.com\/sk\/wp-json\/wp\/v2\/pages\/700\/revisions"}],"predecessor-version":[{"id":1011,"href":"https:\/\/www.ayasinay.com\/sk\/wp-json\/wp\/v2\/pages\/700\/revisions\/1011"}],"wp:attachment":[{"href":"https:\/\/www.ayasinay.com\/sk\/wp-json\/wp\/v2\/media?parent=700"}],"curies":[{"name":"wp","href":"https:\/\/api.w.org\/{rel}","templated":true}]}}